{"id":138,"date":"2024-03-29T20:59:28","date_gmt":"2024-03-29T19:59:28","guid":{"rendered":"https:\/\/teleklubb.se\/wordpress\/?page_id=138"},"modified":"2024-04-01T18:46:32","modified_gmt":"2024-04-01T16:46:32","slug":"besokande-fran-norge-html","status":"publish","type":"page","link":"https:\/\/teleklubb.se\/wordpress\/besokande-fran-norge-html\/","title":{"rendered":"Bes\u00f6kande fr\u00e5n Norge"},"content":{"rendered":"\t\t<div data-elementor-type=\"wp-page\" data-elementor-id=\"138\" class=\"elementor elementor-138\" data-elementor-post-type=\"page\">\n\t\t\t\t<div class=\"elementor-element elementor-element-2ba8d5a e-flex e-con-boxed e-con e-parent\" data-id=\"2ba8d5a\" data-element_type=\"container\" data-e-type=\"container\">\n\t\t\t\t\t<div class=\"e-con-inner\">\n\t\t\t\t<div class=\"elementor-element elementor-element-8272003 elementor-widget elementor-widget-image\" data-id=\"8272003\" data-element_type=\"widget\" data-e-type=\"widget\" data-widget_type=\"image.default\">\n\t\t\t\t<div class=\"elementor-widget-container\">\n\t\t\t\t\t\t\t\t\t\t\t\t\t\t\t<img fetchpriority=\"high\" decoding=\"async\" width=\"1417\" height=\"486\" src=\"https:\/\/teleklubb.se\/wordpress\/wp-content\/uploads\/2024\/03\/teleklubb-bild-telefon-logga-3-med-norgenummer.jpg\" class=\"attachment-1536x1536 size-1536x1536 wp-image-289\" alt=\"Teleklubb.se - Sveriges b\u00e4sta telesex\" srcset=\"https:\/\/teleklubb.se\/wordpress\/wp-content\/uploads\/2024\/03\/teleklubb-bild-telefon-logga-3-med-norgenummer.jpg 1417w, https:\/\/teleklubb.se\/wordpress\/wp-content\/uploads\/2024\/03\/teleklubb-bild-telefon-logga-3-med-norgenummer-300x103.jpg 300w, https:\/\/teleklubb.se\/wordpress\/wp-content\/uploads\/2024\/03\/teleklubb-bild-telefon-logga-3-med-norgenummer-1024x351.jpg 1024w, https:\/\/teleklubb.se\/wordpress\/wp-content\/uploads\/2024\/03\/teleklubb-bild-telefon-logga-3-med-norgenummer-768x263.jpg 768w\" sizes=\"(max-width: 1417px) 100vw, 1417px\" \/>\t\t\t\t\t\t\t\t\t\t\t\t\t\t\t<\/div>\n\t\t\t\t<\/div>\n\t\t\t\t\t<\/div>\n\t\t\t\t<\/div>\n\t\t<div class=\"elementor-element elementor-element-5d8c246 e-flex e-con-boxed e-con e-parent\" data-id=\"5d8c246\" data-element_type=\"container\" data-e-type=\"container\">\n\t\t\t\t\t<div class=\"e-con-inner\">\n\t\t\t\t<div class=\"elementor-element elementor-element-350bb32 elementor-nav-menu__align-center elementor-nav-menu--dropdown-tablet elementor-nav-menu__text-align-aside elementor-nav-menu--toggle elementor-nav-menu--burger elementor-widget elementor-widget-nav-menu\" data-id=\"350bb32\" data-element_type=\"widget\" data-e-type=\"widget\" data-settings=\"{&quot;layout&quot;:&quot;horizontal&quot;,&quot;submenu_icon&quot;:{&quot;value&quot;:&quot;&lt;svg class=\\&quot;e-font-icon-svg e-fas-caret-down\\&quot; viewBox=\\&quot;0 0 320 512\\&quot; xmlns=\\&quot;http:\\\/\\\/www.w3.org\\\/2000\\\/svg\\&quot;&gt;&lt;path d=\\&quot;M31.3 192h257.3c17.8 0 26.7 21.5 14.1 34.1L174.1 354.8c-7.8 7.8-20.5 7.8-28.3 0L17.2 226.1C4.6 213.5 13.5 192 31.3 192z\\&quot;&gt;&lt;\\\/path&gt;&lt;\\\/svg&gt;&quot;,&quot;library&quot;:&quot;fa-solid&quot;},&quot;toggle&quot;:&quot;burger&quot;}\" data-widget_type=\"nav-menu.default\">\n\t\t\t\t<div class=\"elementor-widget-container\">\n\t\t\t\t\t\t\t\t<nav aria-label=\"Meny\" class=\"elementor-nav-menu--main elementor-nav-menu__container elementor-nav-menu--layout-horizontal e--pointer-background e--animation-fade\">\n\t\t\t\t<ul id=\"menu-1-350bb32\" class=\"elementor-nav-menu\"><li class=\"menu-item menu-item-type-post_type menu-item-object-page menu-item-109\"><a href=\"https:\/\/teleklubb.se\/wordpress\/index-html\/\" class=\"elementor-item\">Startsida<\/a><\/li>\n<li class=\"menu-item menu-item-type-post_type menu-item-object-page menu-item-359\"><a href=\"https:\/\/teleklubb.se\/wordpress\/vara-telefonsex-tjejer-html\/\" class=\"elementor-item\">V\u00e5ra telefonsex tjejer<\/a><\/li>\n<li class=\"menu-item menu-item-type-post_type menu-item-object-page menu-item-122\"><a href=\"https:\/\/teleklubb.se\/wordpress\/betalningsvillkor-html\/\" class=\"elementor-item\">Betalningsvillkor<\/a><\/li>\n<li class=\"menu-item menu-item-type-post_type menu-item-object-page menu-item-132\"><a href=\"https:\/\/teleklubb.se\/wordpress\/vill-du-jobba-har-html\/\" class=\"elementor-item\">Vill du jobba h\u00e4r?<\/a><\/li>\n<li class=\"menu-item menu-item-type-post_type menu-item-object-page menu-item-140\"><a href=\"https:\/\/teleklubb.se\/wordpress\/besokande-fran-norge-html\/\" class=\"elementor-item\">Bes\u00f6kande fr\u00e5n Norge<\/a><\/li>\n<\/ul>\t\t\t<\/nav>\n\t\t\t\t\t<div class=\"elementor-menu-toggle\" role=\"button\" tabindex=\"0\" aria-label=\"Sl\u00e5 p\u00e5\/av meny\" aria-expanded=\"false\">\n\t\t\t<svg aria-hidden=\"true\" role=\"presentation\" class=\"elementor-menu-toggle__icon--open e-font-icon-svg e-eicon-menu-bar\" viewBox=\"0 0 1000 1000\" xmlns=\"http:\/\/www.w3.org\/2000\/svg\"><path d=\"M104 333H896C929 333 958 304 958 271S929 208 896 208H104C71 208 42 237 42 271S71 333 104 333ZM104 583H896C929 583 958 554 958 521S929 458 896 458H104C71 458 42 487 42 521S71 583 104 583ZM104 833H896C929 833 958 804 958 771S929 708 896 708H104C71 708 42 737 42 771S71 833 104 833Z\"><\/path><\/svg><svg aria-hidden=\"true\" role=\"presentation\" class=\"elementor-menu-toggle__icon--close e-font-icon-svg e-eicon-close\" viewBox=\"0 0 1000 1000\" xmlns=\"http:\/\/www.w3.org\/2000\/svg\"><path d=\"M742 167L500 408 258 167C246 154 233 150 217 150 196 150 179 158 167 167 154 179 150 196 150 212 150 229 154 242 171 254L408 500 167 742C138 771 138 800 167 829 196 858 225 858 254 829L496 587 738 829C750 842 767 846 783 846 800 846 817 842 829 829 842 817 846 804 846 783 846 767 842 750 829 737L588 500 833 258C863 229 863 200 833 171 804 137 775 137 742 167Z\"><\/path><\/svg>\t\t\t<span class=\"elementor-screen-only\">Meny<\/span>\n\t\t<\/div>\n\t\t\t\t\t<nav class=\"elementor-nav-menu--dropdown elementor-nav-menu__container\" aria-hidden=\"true\">\n\t\t\t\t<ul id=\"menu-2-350bb32\" class=\"elementor-nav-menu\"><li class=\"menu-item menu-item-type-post_type menu-item-object-page menu-item-109\"><a href=\"https:\/\/teleklubb.se\/wordpress\/index-html\/\" class=\"elementor-item\" tabindex=\"-1\">Startsida<\/a><\/li>\n<li class=\"menu-item menu-item-type-post_type menu-item-object-page menu-item-359\"><a href=\"https:\/\/teleklubb.se\/wordpress\/vara-telefonsex-tjejer-html\/\" class=\"elementor-item\" tabindex=\"-1\">V\u00e5ra telefonsex tjejer<\/a><\/li>\n<li class=\"menu-item menu-item-type-post_type menu-item-object-page menu-item-122\"><a href=\"https:\/\/teleklubb.se\/wordpress\/betalningsvillkor-html\/\" class=\"elementor-item\" tabindex=\"-1\">Betalningsvillkor<\/a><\/li>\n<li class=\"menu-item menu-item-type-post_type menu-item-object-page menu-item-132\"><a href=\"https:\/\/teleklubb.se\/wordpress\/vill-du-jobba-har-html\/\" class=\"elementor-item\" tabindex=\"-1\">Vill du jobba h\u00e4r?<\/a><\/li>\n<li class=\"menu-item menu-item-type-post_type menu-item-object-page menu-item-140\"><a href=\"https:\/\/teleklubb.se\/wordpress\/besokande-fran-norge-html\/\" class=\"elementor-item\" tabindex=\"-1\">Bes\u00f6kande fr\u00e5n Norge<\/a><\/li>\n<\/ul>\t\t\t<\/nav>\n\t\t\t\t\t\t<\/div>\n\t\t\t\t<\/div>\n\t\t\t\t\t<\/div>\n\t\t\t\t<\/div>\n\t\t<div class=\"elementor-element elementor-element-594ee10 e-flex e-con-boxed e-con e-parent\" data-id=\"594ee10\" data-element_type=\"container\" data-e-type=\"container\">\n\t\t\t\t\t<div class=\"e-con-inner\">\n\t\t\t\t<div class=\"elementor-element elementor-element-1350b06 elementor-widget elementor-widget-text-editor\" data-id=\"1350b06\" data-element_type=\"widget\" data-e-type=\"widget\" data-widget_type=\"text-editor.default\">\n\t\t\t\t<div class=\"elementor-widget-container\">\n\t\t\t\t\t\t\t\t\t<h1 id=\"u60661-2\"><strong>Sveriges b\u00e4sta telesex!<\/strong><\/h1>\t\t\t\t\t\t\t\t<\/div>\n\t\t\t\t<\/div>\n\t\t\t\t\t<\/div>\n\t\t\t\t<\/div>\n\t\t<div class=\"elementor-element elementor-element-0ed28a7 e-flex e-con-boxed e-con e-parent\" data-id=\"0ed28a7\" data-element_type=\"container\" data-e-type=\"container\">\n\t\t\t\t\t<div class=\"e-con-inner\">\n\t\t\t\t<div class=\"elementor-element elementor-element-0c325dc elementor-widget elementor-widget-text-editor\" data-id=\"0c325dc\" data-element_type=\"widget\" data-e-type=\"widget\" data-widget_type=\"text-editor.default\">\n\t\t\t\t<div class=\"elementor-widget-container\">\n\t\t\t\t\t\t\t\t\t<h4 id=\"u60661-7\">P\u00e5 <span id=\"u60661-5\">TeleKlubb.se<\/span> ringer du tjejerna enkelt fr\u00e5n Norge!<\/h4><h4 id=\"u60661-11\">Du ringer d\u00e5 v\u00e5rt <strong><span id=\"u60661-10\">norska nummer 820 93 020<\/span><\/strong><\/h4><h6>26.00 NOK\/min.<\/h6><h5 id=\"u60661-22\">Om tjejen <span id=\"u60661-16\">inte \u00e4r valbar<\/span> fast hon syns som <span id=\"u60661-18\">online<\/span> p\u00e5 sidan beror det endast p\u00e5 att att hon f\u00f6r tillf\u00e4llet \u00e4r upptagen, s\u00e5 <span id=\"u60661-20\">f\u00f6rs\u00f6k igen<\/span> efter en liten stund.<\/h5>\t\t\t\t\t\t\t\t<\/div>\n\t\t\t\t<\/div>\n\t\t\t\t\t<\/div>\n\t\t\t\t<\/div>\n\t\t<div class=\"elementor-element elementor-element-81ad00e e-flex e-con-boxed e-con e-parent\" data-id=\"81ad00e\" data-element_type=\"container\" data-e-type=\"container\">\n\t\t\t\t\t<div class=\"e-con-inner\">\n\t\t\t\t<div class=\"elementor-element elementor-element-8114630 elementor-widget elementor-widget-html\" data-id=\"8114630\" data-element_type=\"widget\" data-e-type=\"widget\" data-widget_type=\"html.default\">\n\t\t\t\t<div class=\"elementor-widget-container\">\n\t\t\t\t\t<iframe src=\"https:\/\/www.teleklubb.se\/ngab\/AgentStatus\/index_no.html?v=1\" width=\"100%\" height=\"8500\" border=\"0\" frameborder=\"0\" scrolling=\"yes\"><\/iframe>\t\t\t\t<\/div>\n\t\t\t\t<\/div>\n\t\t\t\t\t<\/div>\n\t\t\t\t<\/div>\n\t\t<div class=\"elementor-element elementor-element-e3047fa e-flex e-con-boxed e-con e-parent\" data-id=\"e3047fa\" data-element_type=\"container\" data-e-type=\"container\">\n\t\t\t\t\t<div class=\"e-con-inner\">\n\t\t\t\t<div class=\"elementor-element elementor-element-6b1047a elementor-widget elementor-widget-image\" data-id=\"6b1047a\" data-element_type=\"widget\" data-e-type=\"widget\" data-widget_type=\"image.default\">\n\t\t\t\t<div class=\"elementor-widget-container\">\n\t\t\t\t\t\t\t\t\t\t\t\t\t\t\t<img decoding=\"async\" width=\"768\" height=\"369\" src=\"https:\/\/teleklubb.se\/wordpress\/wp-content\/uploads\/2024\/03\/teleklubb-bild-logga-red15-sidfot-768x369.jpg\" class=\"attachment-medium_large size-medium_large wp-image-253\" alt=\"teleklubb.se - Sveriges b\u00e4sta telesex\" srcset=\"https:\/\/teleklubb.se\/wordpress\/wp-content\/uploads\/2024\/03\/teleklubb-bild-logga-red15-sidfot-768x369.jpg 768w, https:\/\/teleklubb.se\/wordpress\/wp-content\/uploads\/2024\/03\/teleklubb-bild-logga-red15-sidfot-300x144.jpg 300w, https:\/\/teleklubb.se\/wordpress\/wp-content\/uploads\/2024\/03\/teleklubb-bild-logga-red15-sidfot.jpg 950w\" sizes=\"(max-width: 768px) 100vw, 768px\" \/>\t\t\t\t\t\t\t\t\t\t\t\t\t\t\t<\/div>\n\t\t\t\t<\/div>\n\t\t\t\t\t<\/div>\n\t\t\t\t<\/div>\n\t\t<div class=\"elementor-element elementor-element-f1b7c29 e-flex e-con-boxed e-con e-parent\" data-id=\"f1b7c29\" data-element_type=\"container\" data-e-type=\"container\">\n\t\t\t\t\t<div class=\"e-con-inner\">\n\t\t\t\t<div class=\"elementor-element elementor-element-4b811d8 elementor-widget elementor-widget-text-editor\" data-id=\"4b811d8\" data-element_type=\"widget\" data-e-type=\"widget\" data-widget_type=\"text-editor.default\">\n\t\t\t\t<div class=\"elementor-widget-container\">\n\t\t\t\t\t\t\t\t\t<h6>Alla medverkande \u00e4r 18 \u00e5r, \u00a9 teleklubb.se, all rights reserved.<br \/>NGAB, box 1308, 25112 HBG.<\/h6>\t\t\t\t\t\t\t\t<\/div>\n\t\t\t\t<\/div>\n\t\t\t\t\t<\/div>\n\t\t\t\t<\/div>\n\t\t\t\t<\/div>\n\t\t","protected":false},"excerpt":{"rendered":"<p>Sveriges b\u00e4sta telesex! P\u00e5 TeleKlubb.se ringer du tjejerna enkelt fr\u00e5n Norge! Du ringer d\u00e5 v\u00e5rt norska nummer 820 93 020 26.00 NOK\/min. Om tjejen inte \u00e4r valbar fast hon syns som online p\u00e5 sidan beror det endast p\u00e5 att att hon f\u00f6r tillf\u00e4llet \u00e4r upptagen, s\u00e5 f\u00f6rs\u00f6k igen efter en liten stund. Alla medverkande \u00e4r [&hellip;]<\/p>\n","protected":false},"author":1,"featured_media":0,"parent":0,"menu_order":0,"comment_status":"closed","ping_status":"closed","template":"","meta":{"footnotes":""},"class_list":["post-138","page","type-page","status-publish","hentry"],"_links":{"self":[{"href":"https:\/\/teleklubb.se\/wordpress\/wp-json\/wp\/v2\/pages\/138","targetHints":{"allow":["GET"]}}],"collection":[{"href":"https:\/\/teleklubb.se\/wordpress\/wp-json\/wp\/v2\/pages"}],"about":[{"href":"https:\/\/teleklubb.se\/wordpress\/wp-json\/wp\/v2\/types\/page"}],"author":[{"embeddable":true,"href":"https:\/\/teleklubb.se\/wordpress\/wp-json\/wp\/v2\/users\/1"}],"replies":[{"embeddable":true,"href":"https:\/\/teleklubb.se\/wordpress\/wp-json\/wp\/v2\/comments?post=138"}],"version-history":[{"count":36,"href":"https:\/\/teleklubb.se\/wordpress\/wp-json\/wp\/v2\/pages\/138\/revisions"}],"predecessor-version":[{"id":316,"href":"https:\/\/teleklubb.se\/wordpress\/wp-json\/wp\/v2\/pages\/138\/revisions\/316"}],"wp:attachment":[{"href":"https:\/\/teleklubb.se\/wordpress\/wp-json\/wp\/v2\/media?parent=138"}],"curies":[{"name":"wp","href":"https:\/\/api.w.org\/{rel}","templated":true}]}}