{"id":107,"date":"2024-03-29T20:45:42","date_gmt":"2024-03-29T19:45:42","guid":{"rendered":"https:\/\/teleklubb.se\/wordpress\/?page_id=107"},"modified":"2026-03-31T09:41:31","modified_gmt":"2026-03-31T07:41:31","slug":"index-html","status":"publish","type":"page","link":"https:\/\/teleklubb.se\/wordpress\/index-html\/","title":{"rendered":"Startsida"},"content":{"rendered":"\t\t<div data-elementor-type=\"wp-page\" data-elementor-id=\"107\" class=\"elementor elementor-107\" data-elementor-post-type=\"page\">\n\t\t\t\t<div class=\"elementor-element elementor-element-a1b6c05 e-flex e-con-boxed e-con e-parent\" data-id=\"a1b6c05\" data-element_type=\"container\" data-e-type=\"container\">\n\t\t\t\t\t<div class=\"e-con-inner\">\n\t\t\t\t<div class=\"elementor-element elementor-element-25f94b0 elementor-widget elementor-widget-image\" data-id=\"25f94b0\" data-element_type=\"widget\" data-e-type=\"widget\" data-widget_type=\"image.default\">\n\t\t\t\t<div class=\"elementor-widget-container\">\n\t\t\t\t\t\t\t\t\t\t\t\t\t\t\t<img fetchpriority=\"high\" decoding=\"async\" width=\"1417\" height=\"486\" src=\"https:\/\/teleklubb.se\/wordpress\/wp-content\/uploads\/2024\/03\/teleklubb-bild-telefon-logga-3-med-norgenummer.jpg\" class=\"attachment-1536x1536 size-1536x1536 wp-image-289\" alt=\"Teleklubb.se - Sveriges b\u00e4sta telesex\" srcset=\"https:\/\/teleklubb.se\/wordpress\/wp-content\/uploads\/2024\/03\/teleklubb-bild-telefon-logga-3-med-norgenummer.jpg 1417w, https:\/\/teleklubb.se\/wordpress\/wp-content\/uploads\/2024\/03\/teleklubb-bild-telefon-logga-3-med-norgenummer-300x103.jpg 300w, https:\/\/teleklubb.se\/wordpress\/wp-content\/uploads\/2024\/03\/teleklubb-bild-telefon-logga-3-med-norgenummer-1024x351.jpg 1024w, https:\/\/teleklubb.se\/wordpress\/wp-content\/uploads\/2024\/03\/teleklubb-bild-telefon-logga-3-med-norgenummer-768x263.jpg 768w\" sizes=\"(max-width: 1417px) 100vw, 1417px\" \/>\t\t\t\t\t\t\t\t\t\t\t\t\t\t\t<\/div>\n\t\t\t\t<\/div>\n\t\t\t\t\t<\/div>\n\t\t\t\t<\/div>\n\t\t<div class=\"elementor-element elementor-element-c471720 e-flex e-con-boxed e-con e-parent\" data-id=\"c471720\" data-element_type=\"container\" data-e-type=\"container\">\n\t\t\t\t\t<div class=\"e-con-inner\">\n\t\t\t\t<div class=\"elementor-element elementor-element-9d7b548 elementor-nav-menu__align-center elementor-nav-menu--dropdown-tablet elementor-nav-menu__text-align-aside elementor-nav-menu--toggle elementor-nav-menu--burger elementor-widget elementor-widget-nav-menu\" data-id=\"9d7b548\" data-element_type=\"widget\" data-e-type=\"widget\" data-settings=\"{&quot;layout&quot;:&quot;horizontal&quot;,&quot;submenu_icon&quot;:{&quot;value&quot;:&quot;&lt;svg class=\\&quot;e-font-icon-svg e-fas-caret-down\\&quot; viewBox=\\&quot;0 0 320 512\\&quot; xmlns=\\&quot;http:\\\/\\\/www.w3.org\\\/2000\\\/svg\\&quot;&gt;&lt;path d=\\&quot;M31.3 192h257.3c17.8 0 26.7 21.5 14.1 34.1L174.1 354.8c-7.8 7.8-20.5 7.8-28.3 0L17.2 226.1C4.6 213.5 13.5 192 31.3 192z\\&quot;&gt;&lt;\\\/path&gt;&lt;\\\/svg&gt;&quot;,&quot;library&quot;:&quot;fa-solid&quot;},&quot;toggle&quot;:&quot;burger&quot;}\" data-widget_type=\"nav-menu.default\">\n\t\t\t\t<div class=\"elementor-widget-container\">\n\t\t\t\t\t\t\t\t<nav aria-label=\"Meny\" class=\"elementor-nav-menu--main elementor-nav-menu__container elementor-nav-menu--layout-horizontal e--pointer-background e--animation-fade\">\n\t\t\t\t<ul id=\"menu-1-9d7b548\" class=\"elementor-nav-menu\"><li class=\"menu-item menu-item-type-post_type menu-item-object-page menu-item-109\"><a href=\"https:\/\/teleklubb.se\/wordpress\/index-html\/\" class=\"elementor-item\">Startsida<\/a><\/li>\n<li class=\"menu-item menu-item-type-post_type menu-item-object-page menu-item-359\"><a href=\"https:\/\/teleklubb.se\/wordpress\/vara-telefonsex-tjejer-html\/\" class=\"elementor-item\">V\u00e5ra telefonsex tjejer<\/a><\/li>\n<li class=\"menu-item menu-item-type-post_type menu-item-object-page menu-item-122\"><a href=\"https:\/\/teleklubb.se\/wordpress\/betalningsvillkor-html\/\" class=\"elementor-item\">Betalningsvillkor<\/a><\/li>\n<li class=\"menu-item menu-item-type-post_type menu-item-object-page menu-item-132\"><a href=\"https:\/\/teleklubb.se\/wordpress\/vill-du-jobba-har-html\/\" class=\"elementor-item\">Vill du jobba h\u00e4r?<\/a><\/li>\n<li class=\"menu-item menu-item-type-post_type menu-item-object-page menu-item-140\"><a href=\"https:\/\/teleklubb.se\/wordpress\/besokande-fran-norge-html\/\" class=\"elementor-item\">Bes\u00f6kande fr\u00e5n Norge<\/a><\/li>\n<\/ul>\t\t\t<\/nav>\n\t\t\t\t\t<div class=\"elementor-menu-toggle\" role=\"button\" tabindex=\"0\" aria-label=\"Sl\u00e5 p\u00e5\/av meny\" aria-expanded=\"false\">\n\t\t\t<svg aria-hidden=\"true\" role=\"presentation\" class=\"elementor-menu-toggle__icon--open e-font-icon-svg e-eicon-menu-bar\" viewBox=\"0 0 1000 1000\" xmlns=\"http:\/\/www.w3.org\/2000\/svg\"><path d=\"M104 333H896C929 333 958 304 958 271S929 208 896 208H104C71 208 42 237 42 271S71 333 104 333ZM104 583H896C929 583 958 554 958 521S929 458 896 458H104C71 458 42 487 42 521S71 583 104 583ZM104 833H896C929 833 958 804 958 771S929 708 896 708H104C71 708 42 737 42 771S71 833 104 833Z\"><\/path><\/svg><svg aria-hidden=\"true\" role=\"presentation\" class=\"elementor-menu-toggle__icon--close e-font-icon-svg e-eicon-close\" viewBox=\"0 0 1000 1000\" xmlns=\"http:\/\/www.w3.org\/2000\/svg\"><path d=\"M742 167L500 408 258 167C246 154 233 150 217 150 196 150 179 158 167 167 154 179 150 196 150 212 150 229 154 242 171 254L408 500 167 742C138 771 138 800 167 829 196 858 225 858 254 829L496 587 738 829C750 842 767 846 783 846 800 846 817 842 829 829 842 817 846 804 846 783 846 767 842 750 829 737L588 500 833 258C863 229 863 200 833 171 804 137 775 137 742 167Z\"><\/path><\/svg>\t\t\t<span class=\"elementor-screen-only\">Meny<\/span>\n\t\t<\/div>\n\t\t\t\t\t<nav class=\"elementor-nav-menu--dropdown elementor-nav-menu__container\" aria-hidden=\"true\">\n\t\t\t\t<ul id=\"menu-2-9d7b548\" class=\"elementor-nav-menu\"><li class=\"menu-item menu-item-type-post_type menu-item-object-page menu-item-109\"><a href=\"https:\/\/teleklubb.se\/wordpress\/index-html\/\" class=\"elementor-item\" tabindex=\"-1\">Startsida<\/a><\/li>\n<li class=\"menu-item menu-item-type-post_type menu-item-object-page menu-item-359\"><a href=\"https:\/\/teleklubb.se\/wordpress\/vara-telefonsex-tjejer-html\/\" class=\"elementor-item\" tabindex=\"-1\">V\u00e5ra telefonsex tjejer<\/a><\/li>\n<li class=\"menu-item menu-item-type-post_type menu-item-object-page menu-item-122\"><a href=\"https:\/\/teleklubb.se\/wordpress\/betalningsvillkor-html\/\" class=\"elementor-item\" tabindex=\"-1\">Betalningsvillkor<\/a><\/li>\n<li class=\"menu-item menu-item-type-post_type menu-item-object-page menu-item-132\"><a href=\"https:\/\/teleklubb.se\/wordpress\/vill-du-jobba-har-html\/\" class=\"elementor-item\" tabindex=\"-1\">Vill du jobba h\u00e4r?<\/a><\/li>\n<li class=\"menu-item menu-item-type-post_type menu-item-object-page menu-item-140\"><a href=\"https:\/\/teleklubb.se\/wordpress\/besokande-fran-norge-html\/\" class=\"elementor-item\" tabindex=\"-1\">Bes\u00f6kande fr\u00e5n Norge<\/a><\/li>\n<\/ul>\t\t\t<\/nav>\n\t\t\t\t\t\t<\/div>\n\t\t\t\t<\/div>\n\t\t\t\t\t<\/div>\n\t\t\t\t<\/div>\n\t\t<div class=\"elementor-element elementor-element-8e66b33 e-flex e-con-boxed e-con e-parent\" data-id=\"8e66b33\" data-element_type=\"container\" data-e-type=\"container\">\n\t\t\t\t\t<div class=\"e-con-inner\">\n\t\t\t\t<div class=\"elementor-element elementor-element-5e49042 elementor-widget elementor-widget-text-editor\" data-id=\"5e49042\" data-element_type=\"widget\" data-e-type=\"widget\" data-widget_type=\"text-editor.default\">\n\t\t\t\t<div class=\"elementor-widget-container\">\n\t\t\t\t\t\t\t\t\t<h1 id=\"u28987-2\"><strong>Sveriges b\u00e4sta telesex!<\/strong><\/h1><h4 id=\"u28987-6\">P\u00e5 <strong><span id=\"u28987-4\">TeleKlubb.se<\/span><\/strong> ringer du tjejerna snabbt och enkelt!<\/h4><h4 id=\"u28987-8\">Du kan \u00e4ven enkelt f\u00f6rskottsbetala med ditt kredit- och betalkort med PayPal!<\/h4>\t\t\t\t\t\t\t\t<\/div>\n\t\t\t\t<\/div>\n\t\t\t\t\t<\/div>\n\t\t\t\t<\/div>\n\t\t<div class=\"elementor-element elementor-element-57c675f e-flex e-con-boxed e-con e-parent\" data-id=\"57c675f\" data-element_type=\"container\" data-e-type=\"container\">\n\t\t\t\t\t<div class=\"e-con-inner\">\n\t\t\t\t<div class=\"elementor-element elementor-element-9db4eef elementor-widget elementor-widget-image\" data-id=\"9db4eef\" data-element_type=\"widget\" data-e-type=\"widget\" data-widget_type=\"image.default\">\n\t\t\t\t<div class=\"elementor-widget-container\">\n\t\t\t\t\t\t\t\t\t\t\t\t\t\t\t\t<a href=\"#paypal\">\n\t\t\t\t\t\t\t<img decoding=\"async\" width=\"226\" height=\"65\" src=\"https:\/\/teleklubb.se\/wordpress\/wp-content\/uploads\/2024\/03\/paypal-betala-crop-u106651.png\" class=\"attachment-medium size-medium wp-image-25\" alt=\"paypal betalningar p\u00e5 Teleklubb.se\" \/>\t\t\t\t\t\t\t\t<\/a>\n\t\t\t\t\t\t\t\t\t\t\t\t\t\t\t<\/div>\n\t\t\t\t<\/div>\n\t\t\t\t\t<\/div>\n\t\t\t\t<\/div>\n\t\t<div class=\"elementor-element elementor-element-0fa5cca e-grid e-con-boxed e-con e-parent\" data-id=\"0fa5cca\" data-element_type=\"container\" data-e-type=\"container\">\n\t\t\t\t\t<div class=\"e-con-inner\">\n\t\t\t\t<div class=\"elementor-element elementor-element-13b2f65 elementor-widget elementor-widget-text-editor\" data-id=\"13b2f65\" data-element_type=\"widget\" data-e-type=\"widget\" data-widget_type=\"text-editor.default\">\n\t\t\t\t<div class=\"elementor-widget-container\">\n\t\t\t\t\t\t\t\t\t<h4 id=\"u28987-16\"><strong><span id=\"u28987-13\">NYHET!<\/span> Nu kan du \u00e4ven f\u00f6rskottsbetala med <span id=\"u28987-15\">SWISH!<\/span><\/strong><\/h4><h4 id=\"u28987-21\">Se fliken <a class=\"nonblock\" href=\"https:\/\/teleklubb.se\/wordpress\/betalningsvillkor\/\" data-href=\"page:U176\">Betalningsvillkor<\/a> f\u00f6r information.<\/h4><h4 id=\"u28987-24\">Minuter som du f\u00f6rskottsbetalat och inte anv\u00e4nder sparar du till n\u00e4sta samtal.<\/h4>\t\t\t\t\t\t\t\t<\/div>\n\t\t\t\t<\/div>\n\t\t\t\t<div class=\"elementor-element elementor-element-9ece4d1 elementor-widget elementor-widget-image\" data-id=\"9ece4d1\" data-element_type=\"widget\" data-e-type=\"widget\" data-widget_type=\"image.default\">\n\t\t\t\t<div class=\"elementor-widget-container\">\n\t\t\t\t\t\t\t\t\t\t\t\t\t\t\t<img decoding=\"async\" width=\"212\" height=\"300\" src=\"https:\/\/teleklubb.se\/wordpress\/wp-content\/uploads\/2024\/03\/swish-QR-large-3-600px-212x300.jpg\" class=\"attachment-medium size-medium wp-image-212\" alt=\"swish p\u00e5 teleklubb.se\" srcset=\"https:\/\/teleklubb.se\/wordpress\/wp-content\/uploads\/2024\/03\/swish-QR-large-3-600px-212x300.jpg 212w, https:\/\/teleklubb.se\/wordpress\/wp-content\/uploads\/2024\/03\/swish-QR-large-3-600px.jpg 600w\" sizes=\"(max-width: 212px) 100vw, 212px\" \/>\t\t\t\t\t\t\t\t\t\t\t\t\t\t\t<\/div>\n\t\t\t\t<\/div>\n\t\t\t\t\t<\/div>\n\t\t\t\t<\/div>\n\t\t<div class=\"elementor-element elementor-element-af5823e e-flex e-con-boxed e-con e-parent\" data-id=\"af5823e\" data-element_type=\"container\" data-e-type=\"container\">\n\t\t\t\t\t<div class=\"e-con-inner\">\n\t\t\t\t<div class=\"elementor-element elementor-element-3dee1ec elementor-widget elementor-widget-text-editor\" data-id=\"3dee1ec\" data-element_type=\"widget\" data-e-type=\"widget\" data-widget_type=\"text-editor.default\">\n\t\t\t\t<div class=\"elementor-widget-container\">\n\t\t\t\t\t\t\t\t\t<h4 id=\"u28987-28\"><strong><span id=\"u28987-26\">NYHET!<\/span> Ringer du fr\u00e5n oregistrerat kontantkort?<\/strong><\/h4><h4 id=\"u28987-32\">H\u00e4r kan du regga ditt nummer s\u00e5 du kan ringa v\u00e5ra k\u00e5ta tj\u00e4nster\u00a0 <a class=\"nonblock\" href=\"https:\/\/teleklubb.se\/wordpress\/betalningsvillkor\/\" data-href=\"page:U176\"><span id=\"u28987-30\">&gt;&gt;&gt; G\u00e5 till betalningsvillkor &gt;&gt;<\/span><\/a><\/h4><h4 id=\"u28987-42\">Om tjejen <span id=\"u28987-35\">inte \u00e4r valbar<\/span> fast hon syns som <span id=\"u28987-37\">onlin<\/span><span id=\"u28987-38\">e<\/span> p\u00e5 sidan beror det endast p\u00e5 att att hon f\u00f6r tillf\u00e4llet \u00e4r upptagen, s\u00e5 <span id=\"u28987-40\">f\u00f6rs\u00f6k igen<\/span> efter en liten stund.<\/h4><h4>\u00a0<\/h4><h4 id=\"u28987-46\"><strong>\u00c4r du i Norge ringer du v\u00e5rt <span id=\"u28987-45\">norska nummer 820 93 020<\/span><\/strong><\/h4>\t\t\t\t\t\t\t\t<\/div>\n\t\t\t\t<\/div>\n\t\t\t\t\t<\/div>\n\t\t\t\t<\/div>\n\t\t<div class=\"elementor-element elementor-element-7575ab4 e-flex e-con-boxed e-con e-parent\" data-id=\"7575ab4\" data-element_type=\"container\" data-e-type=\"container\">\n\t\t\t\t\t<div class=\"e-con-inner\">\n\t\t\t\t<div class=\"elementor-element elementor-element-72cabd6 elementor-widget elementor-widget-html\" data-id=\"72cabd6\" data-element_type=\"widget\" data-e-type=\"widget\" data-widget_type=\"html.default\">\n\t\t\t\t<div class=\"elementor-widget-container\">\n\t\t\t\t\t<iframe src=\"https:\/\/www.teleklubb.se\/ngab\/AgentStatus\/index.html\" width=\"100%\" height=\"9300\" border=\"0\" frameborder=\"0\" scrolling=\"yes\"><\/iframe>\t\t\t\t<\/div>\n\t\t\t\t<\/div>\n\t\t\t\t\t<\/div>\n\t\t\t\t<\/div>\n\t\t<div class=\"elementor-element elementor-element-2fd76b3 e-flex e-con-boxed e-con e-parent\" data-id=\"2fd76b3\" data-element_type=\"container\" data-e-type=\"container\">\n\t\t\t\t\t<div class=\"e-con-inner\">\n\t\t\t\t\t<\/div>\n\t\t\t\t<\/div>\n\t\t<div class=\"elementor-element elementor-element-31f711b e-flex e-con-boxed e-con e-parent\" data-id=\"31f711b\" data-element_type=\"container\" data-e-type=\"container\">\n\t\t\t\t\t<div class=\"e-con-inner\">\n\t\t\t\t\t<\/div>\n\t\t\t\t<\/div>\n\t\t<div class=\"elementor-element elementor-element-35917c7 e-grid e-con-boxed e-con e-parent\" data-id=\"35917c7\" data-element_type=\"container\" data-e-type=\"container\" id=\"paypal\">\n\t\t\t\t\t<div class=\"e-con-inner\">\n\t\t\t\t<div class=\"elementor-element elementor-element-b754f0a elementor-widget elementor-widget-text-editor\" data-id=\"b754f0a\" data-element_type=\"widget\" data-e-type=\"widget\" data-widget_type=\"text-editor.default\">\n\t\t\t\t<div class=\"elementor-widget-container\">\n\t\t\t\t\t\t\t\t\t<h3 id=\"u70949-2\"><strong>K\u00f6p samtalstid med ditt kreditkort!<\/strong><\/h3><p id=\"u70949-5\">K\u00f6p samtalstid med en av internets s\u00e4kraste betall\u00f6sning med ditt betal- eller kreditkort.<\/p><p id=\"u70949-7\">P\u00e5 ditt kontoutdrag st\u00e5r det diskret endast NGAB som mottagare.<\/p><p id=\"u70949-10\">L\u00e4s mer hur du g\u00f6r p\u00e5 sidan \u00a0<a class=\"nonblock\" href=\"https:\/\/teleklubb.se\/wordpress\/betalningsvillkor\/\" data-href=\"page:U176\"><span id=\"u70949-12\">BETALNINGSALTERNATIV, klicka h\u00e4r&gt;&gt;&gt;<\/span><\/a><\/p><p>Du m\u00e5ste \u00f6ppna ditt kort f\u00f6r internetk\u00f6p, g\u00e5 in p\u00e5 din banks hemsida eller app och godk\u00e4nn internetk\u00f6p.<\/p>\t\t\t\t\t\t\t\t<\/div>\n\t\t\t\t<\/div>\n\t\t\t\t<div class=\"elementor-element elementor-element-d7c8c0b elementor-widget elementor-widget-html\" data-id=\"d7c8c0b\" data-element_type=\"widget\" data-e-type=\"widget\" data-widget_type=\"html.default\">\n\t\t\t\t<div class=\"elementor-widget-container\">\n\t\t\t\t\t<iframe src=\"https:\/\/www.teleklubb.se\/ngab\/PayPal_v2\/index.html\" width=\"260\" height=\"1300\" border=\"0\" frameBorder=\"0\" scrolling=\"no\"><\/iframe>\t\t\t\t<\/div>\n\t\t\t\t<\/div>\n\t\t\t\t\t<\/div>\n\t\t\t\t<\/div>\n\t\t<div class=\"elementor-element elementor-element-45da072 e-flex e-con-boxed e-con e-parent\" data-id=\"45da072\" data-element_type=\"container\" data-e-type=\"container\">\n\t\t\t\t\t<div class=\"e-con-inner\">\n\t\t\t\t<div class=\"elementor-element elementor-element-c44e295 elementor-widget elementor-widget-image\" data-id=\"c44e295\" data-element_type=\"widget\" data-e-type=\"widget\" data-widget_type=\"image.default\">\n\t\t\t\t<div class=\"elementor-widget-container\">\n\t\t\t\t\t\t\t\t\t\t\t\t\t\t\t<img loading=\"lazy\" decoding=\"async\" width=\"800\" height=\"385\" src=\"https:\/\/teleklubb.se\/wordpress\/wp-content\/uploads\/2024\/03\/teleklubb-bild-logga-red15-sidfot.jpg\" class=\"attachment-large size-large wp-image-253\" alt=\"teleklubb.se - Sveriges b\u00e4sta telesex\" srcset=\"https:\/\/teleklubb.se\/wordpress\/wp-content\/uploads\/2024\/03\/teleklubb-bild-logga-red15-sidfot.jpg 950w, https:\/\/teleklubb.se\/wordpress\/wp-content\/uploads\/2024\/03\/teleklubb-bild-logga-red15-sidfot-300x144.jpg 300w, https:\/\/teleklubb.se\/wordpress\/wp-content\/uploads\/2024\/03\/teleklubb-bild-logga-red15-sidfot-768x369.jpg 768w\" sizes=\"(max-width: 800px) 100vw, 800px\" \/>\t\t\t\t\t\t\t\t\t\t\t\t\t\t\t<\/div>\n\t\t\t\t<\/div>\n\t\t\t\t\t<\/div>\n\t\t\t\t<\/div>\n\t\t<div class=\"elementor-element elementor-element-ed9fff1 e-flex e-con-boxed e-con e-parent\" data-id=\"ed9fff1\" data-element_type=\"container\" data-e-type=\"container\">\n\t\t\t\t\t<div class=\"e-con-inner\">\n\t\t\t\t<div class=\"elementor-element elementor-element-88ae53b elementor-widget elementor-widget-text-editor\" data-id=\"88ae53b\" data-element_type=\"widget\" data-e-type=\"widget\" data-widget_type=\"text-editor.default\">\n\t\t\t\t<div class=\"elementor-widget-container\">\n\t\t\t\t\t\t\t\t\t<h6>Alla medverkande \u00e4r 18 \u00e5r, \u00a9 teleklubb.se, all rights reserved.<br \/>NGAB, box 1308, 25112 HBG.<\/h6>\t\t\t\t\t\t\t\t<\/div>\n\t\t\t\t<\/div>\n\t\t\t\t\t<\/div>\n\t\t\t\t<\/div>\n\t\t\t\t<\/div>\n\t\t","protected":false},"excerpt":{"rendered":"<p>Sveriges b\u00e4sta telesex! P\u00e5 TeleKlubb.se ringer du tjejerna snabbt och enkelt! Du kan \u00e4ven enkelt f\u00f6rskottsbetala med ditt kredit- och betalkort med PayPal! NYHET! Nu kan du \u00e4ven f\u00f6rskottsbetala med SWISH! Se fliken Betalningsvillkor f\u00f6r information. Minuter som du f\u00f6rskottsbetalat och inte anv\u00e4nder sparar du till n\u00e4sta samtal. NYHET! Ringer du fr\u00e5n oregistrerat kontantkort? H\u00e4r [&hellip;]<\/p>\n","protected":false},"author":1,"featured_media":0,"parent":0,"menu_order":0,"comment_status":"closed","ping_status":"closed","template":"","meta":{"footnotes":""},"class_list":["post-107","page","type-page","status-publish","hentry"],"_links":{"self":[{"href":"https:\/\/teleklubb.se\/wordpress\/wp-json\/wp\/v2\/pages\/107","targetHints":{"allow":["GET"]}}],"collection":[{"href":"https:\/\/teleklubb.se\/wordpress\/wp-json\/wp\/v2\/pages"}],"about":[{"href":"https:\/\/teleklubb.se\/wordpress\/wp-json\/wp\/v2\/types\/page"}],"author":[{"embeddable":true,"href":"https:\/\/teleklubb.se\/wordpress\/wp-json\/wp\/v2\/users\/1"}],"replies":[{"embeddable":true,"href":"https:\/\/teleklubb.se\/wordpress\/wp-json\/wp\/v2\/comments?post=107"}],"version-history":[{"count":111,"href":"https:\/\/teleklubb.se\/wordpress\/wp-json\/wp\/v2\/pages\/107\/revisions"}],"predecessor-version":[{"id":618,"href":"https:\/\/teleklubb.se\/wordpress\/wp-json\/wp\/v2\/pages\/107\/revisions\/618"}],"wp:attachment":[{"href":"https:\/\/teleklubb.se\/wordpress\/wp-json\/wp\/v2\/media?parent=107"}],"curies":[{"name":"wp","href":"https:\/\/api.w.org\/{rel}","templated":true}]}}